{"id":17168,"date":"2021-03-12T07:18:00","date_gmt":"2021-03-12T07:18:00","guid":{"rendered":"https:\/\/www.arop.be\/manuelles-verpacken\/"},"modified":"2021-03-15T13:02:05","modified_gmt":"2021-03-15T13:02:05","slug":"manuelles-verpacken","status":"publish","type":"page","link":"https:\/\/www.arop.be\/de\/manuelles-verpacken\/","title":{"rendered":"Manuelles Verpacken"},"content":{"rendered":"<p><div class=\"fusion-fullwidth fullwidth-box fusion-builder-row-1 nonhundred-percent-fullwidth non-hundred-percent-height-scrolling fusion-equal-height-columns\" style=\"--awb-background-position:left top;--awb-border-sizes-top:0px;--awb-border-sizes-bottom:0px;--awb-border-sizes-left:0px;--awb-border-sizes-right:0px;--awb-border-radius-top-left:0px;--awb-border-radius-top-right:0px;--awb-border-radius-bottom-right:0px;--awb-border-radius-bottom-left:0px;--awb-padding-top:40px;--awb-padding-bottom:40px;--awb-flex-wrap:wrap;\" ><div class=\"fusion-builder-row fusion-row\"><div class=\"fusion-layout-column fusion_builder_column fusion-builder-column-0 fusion_builder_column_1_2 1_2 fusion-one-half fusion-column-first\" style=\"--awb-bg-size:cover;--awb-margin-bottom:0px;width:48%; margin-right: 4%;\"><div class=\"fusion-column-wrapper fusion-flex-column-wrapper-legacy\"><div class=\"fusion-column-content-centered\"><div class=\"fusion-column-content\"><div class=\"fusion-image-element in-legacy-container\" style=\"--awb-bottom-shadow-color:rgba(0,0,0,0.4);--awb-caption-title-font-family:var(--h2_typography-font-family);--awb-caption-title-font-weight:var(--h2_typography-font-weight);--awb-caption-title-font-style:var(--h2_typography-font-style);--awb-caption-title-size:var(--h2_typography-font-size);--awb-caption-title-transform:var(--h2_typography-text-transform);--awb-caption-title-line-height:var(--h2_typography-line-height);--awb-caption-title-letter-spacing:var(--h2_typography-letter-spacing);\"><div class=\"awb-image-frame awb-image-frame-1 fusion-image-frame-bottomshadow image-frame-shadow-1\"><span class=\" fusion-imageframe imageframe-bottomshadow imageframe-1 element-bottomshadow hover-type-none fusion-animated\" data-animationType=\"fadeInLeft\" data-animationDuration=\"0.4\" data-animationOffset=\"top-into-view\"><img decoding=\"async\" width=\"1404\" height=\"936\" title=\"AROP MAN2\" src=\"http:\/\/www.arop.be\/wp-content\/uploads\/2021\/01\/AROP-MAN2.png\" class=\"img-responsive wp-image-16719\" srcset=\"https:\/\/www.arop.be\/wp-content\/uploads\/2021\/01\/AROP-MAN2-200x133.png 200w, https:\/\/www.arop.be\/wp-content\/uploads\/2021\/01\/AROP-MAN2-400x267.png 400w, https:\/\/www.arop.be\/wp-content\/uploads\/2021\/01\/AROP-MAN2-600x400.png 600w, https:\/\/www.arop.be\/wp-content\/uploads\/2021\/01\/AROP-MAN2-800x533.png 800w, https:\/\/www.arop.be\/wp-content\/uploads\/2021\/01\/AROP-MAN2-1200x800.png 1200w, https:\/\/www.arop.be\/wp-content\/uploads\/2021\/01\/AROP-MAN2.png 1404w\" sizes=\"(max-width: 800px) 100vw, 600px\" alt=\"\"><\/span><\/div><\/div><\/div><\/div><div class=\"fusion-clearfix\"><\/div><\/div><\/div><div class=\"fusion-layout-column fusion_builder_column fusion-builder-column-1 fusion_builder_column_1_2 1_2 fusion-one-half fusion-column-last\" style=\"--awb-bg-size:cover;width:48%;\"><div class=\"fusion-column-wrapper fusion-flex-column-wrapper-legacy\"><div class=\"fusion-column-content-centered\"><div class=\"fusion-column-content\"><div class=\"fusion-text fusion-text-1\"><h2 style=\"text-align: left;\">Manuelles Verpacken<\/h2>\n<\/div><div class=\"fusion-image-element fusion-image-align-left in-legacy-container\" style=\"text-align:left;--awb-caption-title-font-family:var(--h2_typography-font-family);--awb-caption-title-font-weight:var(--h2_typography-font-weight);--awb-caption-title-font-style:var(--h2_typography-font-style);--awb-caption-title-size:var(--h2_typography-font-size);--awb-caption-title-transform:var(--h2_typography-text-transform);--awb-caption-title-line-height:var(--h2_typography-line-height);--awb-caption-title-letter-spacing:var(--h2_typography-letter-spacing);\"><span class=\" fusion-imageframe imageframe-none imageframe-2 hover-type-none\" style=\"margin-right:25px;float:left;\"><img decoding=\"async\" width=\"30\" height=\"18\" title=\"AROP-2021 OUTBOARD_YES\" src=\"http:\/\/www.arop.be\/wp-content\/uploads\/2021\/03\/AROP-2021-OUTBOARD_YES-e1615805908802.png\" class=\"img-responsive wp-image-16379\" alt=\"\"><\/span><\/div><div class=\"fusion-sep-clear\"><\/div><div class=\"fusion-separator fusion-full-width-sep\" style=\"margin-left: auto;margin-right: auto;margin-top:20px;width:100%;\"><\/div><div class=\"fusion-sep-clear\"><\/div><div class=\"fusion-text fusion-text-2\"><p>Mechanische Verpackungen sind nicht f\u00fcr alle Produkte der beste Ansatz. Einige Aktionen brauchen jetzt wirklich einmal \u201edie menschliche Hand\u201c. Gerne beteiligen wir uns auch daran und stellen die richtigen Personen zur Verf\u00fcgung, um Ihr Produkt mit der erforderlichen Sorgfalt und Aufmerksamkeit zu behandeln. Dazu arbeiten wir mit unserer technischen Abteilung zusammen, um herauszufinden, wie wir in der Produktion reibungslos zusammenarbeiten k\u00f6nnen.<\/p>\n<p>Denken Sie sehr breit. Dies kann das Verpacken in Einzelverpackungen, aber auch das Verkleben sehr spezifischer Sonderanfertigungen umfassen. Wir wissen nur zu gut, wie wichtig es ist, dass diese mit gr\u00f6\u00dfter Sorgfalt und Vorsicht behandelt werden, damit Sie ein perfektes Endprodukt erhalten. Wir \u00fcberwachen dies daher jederzeit.<\/p>\n<p>Um diese Prozesse zu unterst\u00fctzen, steht hier ein 3D-Drucker zur Verf\u00fcgung, genau wie bei mechanischen Verpackungen, mit denen wir spezielle kleine Hilfswerkzeuge entwerfen und drucken k\u00f6nnen. Auf Ihre Frage zugeschnitten.<\/p>\n<\/div><\/div><\/div><div class=\"fusion-clearfix\"><\/div><\/div><\/div><\/div><\/div><div class=\"fusion-fullwidth fullwidth-box fusion-builder-row-2 fusion-parallax-none nonhundred-percent-fullwidth non-hundred-percent-height-scrolling\" style=\"--awb-border-radius-top-left:0px;--awb-border-radius-top-right:0px;--awb-border-radius-bottom-right:0px;--awb-border-radius-bottom-left:0px;--awb-padding-top:0px;--awb-padding-bottom:0px;--awb-margin-top:0px;--awb-background-color:rgba(97,201,76,0.95);--awb-background-image:linear-gradient(180deg, rgba(97,201,76,0.5) 0%,rgba(97,201,76,0.5) 100%),url(http:\/\/www.arop.be\/wp-content\/uploads\/2021\/02\/hands.jpg);;--awb-background-size:cover;--awb-flex-wrap:wrap;--awb-filter:saturate(68%) brightness(93%) contrast(88%) opacity(89%);--awb-filter-transition:filter 0.3s ease;--awb-filter-hover:saturate(68%) brightness(93%) contrast(88%) opacity(89%);\" ><div class=\"fusion-builder-row fusion-row\"><div class=\"fusion-layout-column fusion_builder_column fusion-builder-column-2 fusion_builder_column_1_1 1_1 fusion-one-full fusion-column-first fusion-column-last\" style=\"--awb-padding-top:50px;--awb-padding-bottom:50px;--awb-bg-size:cover;\"><div class=\"fusion-column-wrapper fusion-column-has-shadow fusion-flex-column-wrapper-legacy\"><div class=\"fusion-image-element fusion-image-align-center in-legacy-container\" style=\"text-align:center;--awb-caption-title-font-family:var(--h2_typography-font-family);--awb-caption-title-font-weight:var(--h2_typography-font-weight);--awb-caption-title-font-style:var(--h2_typography-font-style);--awb-caption-title-size:var(--h2_typography-font-size);--awb-caption-title-transform:var(--h2_typography-text-transform);--awb-caption-title-line-height:var(--h2_typography-line-height);--awb-caption-title-letter-spacing:var(--h2_typography-letter-spacing);\"><div class=\"imageframe-align-center\"><span class=\" fusion-imageframe imageframe-none imageframe-3 hover-type-none\"><img decoding=\"async\" width=\"230\" height=\"120\" title=\"logo_arop_white\" src=\"http:\/\/arop.be\/wp-content\/uploads\/2020\/06\/logo_arop_white.png\" class=\"img-responsive wp-image-16472\" srcset=\"https:\/\/www.arop.be\/wp-content\/uploads\/2020\/06\/logo_arop_white-200x104.png 200w, https:\/\/www.arop.be\/wp-content\/uploads\/2020\/06\/logo_arop_white.png 230w\" sizes=\"(max-width: 800px) 100vw, 230px\" alt=\"\"><\/span><\/div><\/div><div class=\"fusion-text fusion-text-3\"><h3 style=\"text-align: center;\"><span style=\"color: #000000;\">Zusammenarbeiten?<\/span><\/h3>\n<\/div><div class=\"fusion-text fusion-text-4\"><h3 style=\"text-align: center;\"><span style=\"color: #000000;\">DO YOU HAVE SOME NOISE WE CAN HELP YOU WITH?<\/span><\/h3>\n<\/div><div class=\"fusion-sep-clear\"><\/div><div class=\"fusion-separator fusion-full-width-sep\" style=\"margin-left: auto;margin-right: auto;margin-top:5px;width:100%;\"><\/div><div class=\"fusion-sep-clear\"><\/div><div class=\"fusion-aligncenter\"><a class=\"fusion-button button-flat fusion-button-default-size button-custom fusion-button-default button-1 fusion-button-default-span fusion-button-default-type\" style=\"--button_accent_color:#1f1f27;--button_border_color:#1f1f27;--button_accent_hover_color:#ffffff;--button_border_hover_color:#ffffff;--button_gradient_top_color:#ffffff;--button_gradient_bottom_color:#ffffff;--button_gradient_top_color_hover:#a2c037;--button_gradient_bottom_color_hover:#a2c037;--button_text_transform:uppercase;\" target=\"_self\" href=\"http:\/\/arop.be\/contact\/\" rel=\"noopener\"><i class=\"fa-play fas button-icon-left\" aria-hidden=\"true\"><\/i><span class=\"fusion-button-text\">Kontaktiere Uns<\/span><\/a><\/div><div class=\"fusion-clearfix\"><\/div><\/div><\/div><\/div><\/div>\n<\/p>\n","protected":false},"excerpt":{"rendered":"","protected":false},"author":1,"featured_media":0,"parent":0,"menu_order":0,"comment_status":"closed","ping_status":"closed","template":"100-width.php","meta":{"footnotes":""},"class_list":["post-17168","page","type-page","status-publish","hentry"],"_links":{"self":[{"href":"https:\/\/www.arop.be\/de\/wp-json\/wp\/v2\/pages\/17168","targetHints":{"allow":["GET"]}}],"collection":[{"href":"https:\/\/www.arop.be\/de\/wp-json\/wp\/v2\/pages"}],"about":[{"href":"https:\/\/www.arop.be\/de\/wp-json\/wp\/v2\/types\/page"}],"author":[{"embeddable":true,"href":"https:\/\/www.arop.be\/de\/wp-json\/wp\/v2\/users\/1"}],"replies":[{"embeddable":true,"href":"https:\/\/www.arop.be\/de\/wp-json\/wp\/v2\/comments?post=17168"}],"version-history":[{"count":9,"href":"https:\/\/www.arop.be\/de\/wp-json\/wp\/v2\/pages\/17168\/revisions"}],"predecessor-version":[{"id":17667,"href":"https:\/\/www.arop.be\/de\/wp-json\/wp\/v2\/pages\/17168\/revisions\/17667"}],"wp:attachment":[{"href":"https:\/\/www.arop.be\/de\/wp-json\/wp\/v2\/media?parent=17168"}],"curies":[{"name":"wp","href":"https:\/\/api.w.org\/{rel}","templated":true}]}}